{"id":101,"date":"2024-05-03T12:22:29","date_gmt":"2024-05-03T12:22:29","guid":{"rendered":"https:\/\/dianaessentials.nl\/?page_id=101"},"modified":"2025-11-23T12:53:41","modified_gmt":"2025-11-23T11:53:41","slug":"contact-2","status":"publish","type":"page","link":"https:\/\/dianaessentials.nl\/?page_id=101","title":{"rendered":"Contact"},"content":{"rendered":"\n<p>Als U ge\u00efnteresseerd bent in \u00e9\u00e9n van onze mooie producten dan kunt U ons <a href=\"https:\/\/dianaessentials.nl\/?page_id=638\">contactformulier<\/a> invullen of een e-mail te sturen naar info@dianaessentials.nl<\/p>\n\n\n\n<p>Wij nemen dan zo snel mogelijk contact met U op.<br><\/p>\n\n\n\n<p>Team Diana Essentials<\/p>\n\n\n\n<div style=\"height:36px\" aria-hidden=\"true\" class=\"wp-block-spacer\"><\/div>\n","protected":false},"excerpt":{"rendered":"<p>Als U ge\u00efnteresseerd bent in \u00e9\u00e9n van onze mooie producten dan kunt U ons contactformulier invullen of een e-mail te sturen naar info@dianaessentials.nl Wij nemen dan zo snel mogelijk contact met U op. Team Diana Essentials<\/p>\n","protected":false},"author":1,"featured_media":0,"parent":0,"menu_order":0,"comment_status":"closed","ping_status":"closed","template":"","meta":{"footnotes":""},"class_list":["post-101","page","type-page","status-publish","hentry"],"yoast_head":"<!-- This site is optimized with the Yoast SEO plugin v26.4 - https:\/\/yoast.com\/wordpress\/plugins\/seo\/ -->\n<title>Contact - Diana Essentials<\/title>\n<meta name=\"description\" content=\"Diana essentials is een website waar U pre owned Birkin bags en ande luxe design merk artikelen kunt kopen. Alle artikelen zijn 100% origineel en zijn als nieuw.\" \/>\n<meta name=\"robots\" content=\"index, follow, max-snippet:-1, max-image-preview:large, max-video-preview:-1\" \/>\n<link rel=\"canonical\" href=\"https:\/\/dianaessentials.nl\/?page_id=101\" \/>\n<meta property=\"og:locale\" content=\"en_US\" \/>\n<meta property=\"og:type\" content=\"article\" \/>\n<meta property=\"og:title\" content=\"Contact - Diana Essentials\" \/>\n<meta property=\"og:description\" content=\"Diana essentials is een website waar U pre owned Birkin bags en ande luxe design merk artikelen kunt kopen. Alle artikelen zijn 100% origineel en zijn als nieuw.\" \/>\n<meta property=\"og:url\" content=\"https:\/\/dianaessentials.nl\/?page_id=101\" \/>\n<meta property=\"og:site_name\" content=\"Diana Essentials\" \/>\n<meta property=\"article:modified_time\" content=\"2025-11-23T11:53:41+00:00\" \/>\n<meta name=\"twitter:card\" content=\"summary_large_image\" \/>\n<meta name=\"twitter:label1\" content=\"Est. reading time\" \/>\n\t<meta name=\"twitter:data1\" content=\"1 minute\" \/>\n<script type=\"application\/ld+json\" class=\"yoast-schema-graph\">{\"@context\":\"https:\/\/schema.org\",\"@graph\":[{\"@type\":\"WebPage\",\"@id\":\"https:\/\/dianaessentials.nl\/?page_id=101\",\"url\":\"https:\/\/dianaessentials.nl\/?page_id=101\",\"name\":\"Contact - Diana Essentials\",\"isPartOf\":{\"@id\":\"https:\/\/dianaessentials.nl\/#website\"},\"datePublished\":\"2024-05-03T12:22:29+00:00\",\"dateModified\":\"2025-11-23T11:53:41+00:00\",\"description\":\"Diana essentials is een website waar U pre owned Birkin bags en ande luxe design merk artikelen kunt kopen. Alle artikelen zijn 100% origineel en zijn als nieuw.\",\"breadcrumb\":{\"@id\":\"https:\/\/dianaessentials.nl\/?page_id=101#breadcrumb\"},\"inLanguage\":\"en-US\",\"potentialAction\":[{\"@type\":\"ReadAction\",\"target\":[\"https:\/\/dianaessentials.nl\/?page_id=101\"]}]},{\"@type\":\"BreadcrumbList\",\"@id\":\"https:\/\/dianaessentials.nl\/?page_id=101#breadcrumb\",\"itemListElement\":[{\"@type\":\"ListItem\",\"position\":1,\"name\":\"Home\",\"item\":\"https:\/\/dianaessentials.nl\/\"},{\"@type\":\"ListItem\",\"position\":2,\"name\":\"Contact\"}]},{\"@type\":\"WebSite\",\"@id\":\"https:\/\/dianaessentials.nl\/#website\",\"url\":\"https:\/\/dianaessentials.nl\/\",\"name\":\"Diana Essentials\",\"description\":\"Verkoop pre-owned Birkin Bags en luxe design artikelen\",\"publisher\":{\"@id\":\"https:\/\/dianaessentials.nl\/#organization\"},\"potentialAction\":[{\"@type\":\"SearchAction\",\"target\":{\"@type\":\"EntryPoint\",\"urlTemplate\":\"https:\/\/dianaessentials.nl\/?s={search_term_string}\"},\"query-input\":{\"@type\":\"PropertyValueSpecification\",\"valueRequired\":true,\"valueName\":\"search_term_string\"}}],\"inLanguage\":\"en-US\"},{\"@type\":\"Organization\",\"@id\":\"https:\/\/dianaessentials.nl\/#organization\",\"name\":\"Diana Essentials\",\"url\":\"https:\/\/dianaessentials.nl\/\",\"logo\":{\"@type\":\"ImageObject\",\"inLanguage\":\"en-US\",\"@id\":\"https:\/\/dianaessentials.nl\/#\/schema\/logo\/image\/\",\"url\":\"https:\/\/dianaessentials.nl\/wp-content\/uploads\/2024\/05\/cropped-Logo-DE-1.jpg\",\"contentUrl\":\"https:\/\/dianaessentials.nl\/wp-content\/uploads\/2024\/05\/cropped-Logo-DE-1.jpg\",\"width\":512,\"height\":512,\"caption\":\"Diana Essentials\"},\"image\":{\"@id\":\"https:\/\/dianaessentials.nl\/#\/schema\/logo\/image\/\"}}]}<\/script>\n<!-- \/ Yoast SEO plugin. -->","yoast_head_json":{"title":"Contact - Diana Essentials","description":"Diana essentials is een website waar U pre owned Birkin bags en ande luxe design merk artikelen kunt kopen. Alle artikelen zijn 100% origineel en zijn als nieuw.","robots":{"index":"index","follow":"follow","max-snippet":"max-snippet:-1","max-image-preview":"max-image-preview:large","max-video-preview":"max-video-preview:-1"},"canonical":"https:\/\/dianaessentials.nl\/?page_id=101","og_locale":"en_US","og_type":"article","og_title":"Contact - Diana Essentials","og_description":"Diana essentials is een website waar U pre owned Birkin bags en ande luxe design merk artikelen kunt kopen. Alle artikelen zijn 100% origineel en zijn als nieuw.","og_url":"https:\/\/dianaessentials.nl\/?page_id=101","og_site_name":"Diana Essentials","article_modified_time":"2025-11-23T11:53:41+00:00","twitter_card":"summary_large_image","twitter_misc":{"Est. reading time":"1 minute"},"schema":{"@context":"https:\/\/schema.org","@graph":[{"@type":"WebPage","@id":"https:\/\/dianaessentials.nl\/?page_id=101","url":"https:\/\/dianaessentials.nl\/?page_id=101","name":"Contact - Diana Essentials","isPartOf":{"@id":"https:\/\/dianaessentials.nl\/#website"},"datePublished":"2024-05-03T12:22:29+00:00","dateModified":"2025-11-23T11:53:41+00:00","description":"Diana essentials is een website waar U pre owned Birkin bags en ande luxe design merk artikelen kunt kopen. Alle artikelen zijn 100% origineel en zijn als nieuw.","breadcrumb":{"@id":"https:\/\/dianaessentials.nl\/?page_id=101#breadcrumb"},"inLanguage":"en-US","potentialAction":[{"@type":"ReadAction","target":["https:\/\/dianaessentials.nl\/?page_id=101"]}]},{"@type":"BreadcrumbList","@id":"https:\/\/dianaessentials.nl\/?page_id=101#breadcrumb","itemListElement":[{"@type":"ListItem","position":1,"name":"Home","item":"https:\/\/dianaessentials.nl\/"},{"@type":"ListItem","position":2,"name":"Contact"}]},{"@type":"WebSite","@id":"https:\/\/dianaessentials.nl\/#website","url":"https:\/\/dianaessentials.nl\/","name":"Diana Essentials","description":"Verkoop pre-owned Birkin Bags en luxe design artikelen","publisher":{"@id":"https:\/\/dianaessentials.nl\/#organization"},"potentialAction":[{"@type":"SearchAction","target":{"@type":"EntryPoint","urlTemplate":"https:\/\/dianaessentials.nl\/?s={search_term_string}"},"query-input":{"@type":"PropertyValueSpecification","valueRequired":true,"valueName":"search_term_string"}}],"inLanguage":"en-US"},{"@type":"Organization","@id":"https:\/\/dianaessentials.nl\/#organization","name":"Diana Essentials","url":"https:\/\/dianaessentials.nl\/","logo":{"@type":"ImageObject","inLanguage":"en-US","@id":"https:\/\/dianaessentials.nl\/#\/schema\/logo\/image\/","url":"https:\/\/dianaessentials.nl\/wp-content\/uploads\/2024\/05\/cropped-Logo-DE-1.jpg","contentUrl":"https:\/\/dianaessentials.nl\/wp-content\/uploads\/2024\/05\/cropped-Logo-DE-1.jpg","width":512,"height":512,"caption":"Diana Essentials"},"image":{"@id":"https:\/\/dianaessentials.nl\/#\/schema\/logo\/image\/"}}]}},"jetpack_sharing_enabled":true,"_links":{"self":[{"href":"https:\/\/dianaessentials.nl\/index.php?rest_route=\/wp\/v2\/pages\/101","targetHints":{"allow":["GET"]}}],"collection":[{"href":"https:\/\/dianaessentials.nl\/index.php?rest_route=\/wp\/v2\/pages"}],"about":[{"href":"https:\/\/dianaessentials.nl\/index.php?rest_route=\/wp\/v2\/types\/page"}],"author":[{"embeddable":true,"href":"https:\/\/dianaessentials.nl\/index.php?rest_route=\/wp\/v2\/users\/1"}],"replies":[{"embeddable":true,"href":"https:\/\/dianaessentials.nl\/index.php?rest_route=%2Fwp%2Fv2%2Fcomments&post=101"}],"version-history":[{"count":8,"href":"https:\/\/dianaessentials.nl\/index.php?rest_route=\/wp\/v2\/pages\/101\/revisions"}],"predecessor-version":[{"id":641,"href":"https:\/\/dianaessentials.nl\/index.php?rest_route=\/wp\/v2\/pages\/101\/revisions\/641"}],"wp:attachment":[{"href":"https:\/\/dianaessentials.nl\/index.php?rest_route=%2Fwp%2Fv2%2Fmedia&parent=101"}],"curies":[{"name":"wp","href":"https:\/\/api.w.org\/{rel}","templated":true}]}}